{"id":20524,"date":"2022-12-16T03:58:12","date_gmt":"2022-12-16T01:58:12","guid":{"rendered":"https:\/\/www.socialmediafollowers.nl\/?page_id=20524"},"modified":"2023-07-10T17:39:28","modified_gmt":"2023-07-10T15:39:28","slug":"lahmacun","status":"publish","type":"page","link":"https:\/\/www.socialmediafollowers.nl\/lahmacun\/","title":{"rendered":"Evde Keyfi Ba\u015fka G\u00fczel:&nbsp;"},"content":{"rendered":"\n<h1 class=\"wp-block-heading\">Lahmacun Tarifi<\/h1>\n\n\n\nP\u00fcf Noktas\u0131\nLezzetli bir lahmacun i\u00e7in harc\u0131n\u0131z\u0131n k\u0131vam\u0131 c\u0131v\u0131k olmal\u0131d\u0131r ve hamurun \u00fczerine kenarlar\u0131na gelecek \u015fekilde yay\u0131lmal\u0131d\u0131r. F\u0131r\u0131n\u0131n \u00f6nceden \u0131s\u0131t\u0131lm\u0131\u015f olmas\u0131na da \u00f6zen g\u00f6sterin.\nNas\u0131l Yap\u0131l\u0131r?\nBir mutfak robotunun i\u00e7inde i\u00e7 harc\u0131 i\u00e7in baharatlar, sal\u00e7a s\u0131v\u0131 ya\u011f ve k\u0131yma hari\u00e7 t\u00fcm malzemeleri al\u0131n ve \u00e7ekin. Maydanozlar\u0131 en son ilave edin.\nlahmacun-hazirlik-1\nRondonun i\u00e7inden b\u00fcy\u00fck\u00e7e bir kaba ald\u0131\u011f\u0131n\u0131z harca baharatlar\u0131, sal\u00e7ay\u0131 ve s\u0131v\u0131 ya\u011f\u0131 ekleyip iyice kar\u0131\u015ft\u0131r\u0131n.\nlahmacun-hazirlik-2\nSon olarak k\u0131ymay\u0131 ekleyerek g\u00fczelce yo\u011furun.Lahmacunun lezzetli olmas\u0131 i\u00e7in harc\u0131n\u0131z\u0131n c\u0131v\u0131k bir k\u0131vamda olmas\u0131 gerekir. Yeteri kadar c\u0131v\u0131k bir k\u0131vamda de\u011filse, biraz su ekleyebilirsiniz.\nlahmacun-hazirlik-4\nHarc\u0131n\u0131z dinlenirken, hamurunuzu yapmaya ba\u015flay\u0131n. Suyu bir kaba d\u00f6k\u00fcn, \u00fczerine tuz ve \u015fekeri ilave ederek g\u00fczelce kar\u0131\u015ft\u0131r\u0131n. Azar azar da un ilave edin.\nlahmacun-hazirlik-5\nUnu yava\u015f yava\u015f suya ekleyerek orta sertlikte bir hamur elde edene kadar yo\u011furun.\nlahmacun-hazirlik-6\nHamurunuz orta sertli\u011fe ula\u015f\u0131nca tezgah\u0131n \u00fczerine al\u0131p en az 5 dakika daha yo\u011furun.\nlahmacun-hazirlik-7\nHamuru bir silindir haline getirip e\u015fit par\u00e7alara b\u00f6l\u00fcn. Ayn\u0131 b\u00fcy\u00fckl\u00fckte lahmacunlar yapabilmek i\u00e7in hamurlar\u0131n\u0131z\u0131n a\u011f\u0131rl\u0131\u011f\u0131 da e\u015fit olmal\u0131d\u0131r.\nE\u015fit b\u00fcy\u00fckl\u00fckte ay\u0131rd\u0131\u011f\u0131n\u0131z bezelerin \u00fczerini hafif nemli bir mutfak beziyle \u00f6rt\u00fcp en az 1 saat dinlenmeye b\u0131rak\u0131n.\nBu s\u0131rada, f\u0131r\u0131n\u0131n\u0131z\u0131 250 derece fanl\u0131 ve alt \u00fcst a\u00e7\u0131k olacak \u015fekilde a\u00e7\u0131n ve g\u00fczelce \u0131s\u0131t\u0131n.\nMutfak tezgah\u0131n\u0131n \u00fczerine biraz un serperek bezelerinizi teker teker a\u00e7maya ba\u015flay\u0131n. Hamurunuzu m\u00fcmk\u00fcn oldu\u011fu kadar ince a\u00e7maya \u00e7al\u0131\u015f\u0131n.\nlahmacun-hazirlik-8\n\u0130nce a\u00e7t\u0131\u011f\u0131n\u0131z hamurun \u00fczerine lahmacun harc\u0131n\u0131 kenarlar\u0131na da gelecek \u015fekilde g\u00fczelce yay\u0131n. Harc\u0131n\u0131z\u0131n sulu olmas\u0131na \u00f6zen g\u00f6sterin. Kenarlar\u0131 bo\u015f b\u0131rakmay\u0131n.\nlahmacun-hazirlik-9\nLahmacunu ya\u011fl\u0131 ka\u011f\u0131t \u00fczerine al\u0131n. \u00d6nceden 250 derece alt \u00fcst fanl\u0131 \u0131s\u0131tt\u0131\u011f\u0131n\u0131z f\u0131r\u0131n\u0131n taban\u0131na ya\u011fl\u0131 ka\u011f\u0131tla birlikte yerle\u015ftirin.\nPi\u015firirken k\u00fcrek benzeri bir mutfak gereciyle lahmacunun alt\u0131n\u0131 kontrol edin, hafif\u00e7e yan\u0131k oldu\u011fu zaman f\u0131r\u0131ndan \u00e7\u0131kar\u0131p di\u011fer haz\u0131rlad\u0131\u011f\u0131n\u0131z lahmacunlar\u0131 f\u0131r\u0131na yerle\u015ftirebilirsiniz. Her bir lahmacunu f\u0131r\u0131n performans\u0131n\u0131za g\u00f6re 7-10 dakika aras\u0131 pi\u015firebilirsiniz.\nArd\u0131ndan \u00e7\u0131kar\u0131p s\u0131cak s\u0131cak servis edin. Afiyetler olsun!\nlahmacun-hazirlik-10\nmarket-icon\nEksik malzemeleri indirimli tamamlaman\u0131n kolay\u0131 var.\nPazartesi g\u00fcnleri kasap, Sal\u0131 ve \u00c7ar\u015famba g\u00fcnleri sebze meyve, Cuma g\u00fcnleri kuru yemi\u015f, Cumartesi g\u00fcnleri bal\u0131k, Pazar g\u00fcnleri baharat sipari\u015flerin i\u00e7in taptaze ve indirimli \u00fcr\u00fcnler Yemeksepeti Market ve Yemeksepeti Mahalle ile yan\u0131nda, t\u00fcm malzemelerin dakikalar i\u00e7inde kap\u0131nda!\nFaydal\u0131 Bilgiler: Ger\u00e7ek Lahmacun \u0130\u00e7i Nas\u0131l Haz\u0131rlan\u0131r?\nKurumadan, tam k\u0131vam\u0131nda pi\u015fen, mis kokusu t\u00fcm eve yay\u0131lan lahmacunlar haz\u0131rlamak istiyorsan\u0131z ya da i\u00e7 harc\u0131n\u0131 haz\u0131rlay\u0131p mahalle f\u0131r\u0131n\u0131n\u0131za g\u00f6t\u00fcrmek ve ger\u00e7ek ta\u015f f\u0131r\u0131nlarda pi\u015fmesini sa\u011flamak istiyorsan\u0131z uygulaman\u0131z gereken baz\u0131 p\u00fcf noktalar\u0131 var. Ger\u00e7ek lahmacunun i\u00e7 harc\u0131na konan malzemelerden etinin kalitesine, yo\u011frulma ve bekletme s\u00fcrelerine kadar lahmacunun lezzetini etkileyen birka\u00e7 p\u00fcf noktas\u0131n\u0131 h\u0131zl\u0131ca \u00f6\u011frenmek isteyenleri hemen \u015fu yaz\u0131m\u0131za do\u011fru alal\u0131m: \u0130\u015fin S\u0131rr\u0131 Bu P\u00fcf Noktalar\u0131nda Sakl\u0131: Lahmacun \u0130\u00e7i Nas\u0131l Haz\u0131rlan\u0131r?\nFaydal\u0131 Bilgiler: Ger\u00e7ek Lahmacun Hamuru Nas\u0131l Yap\u0131l\u0131r?\nLahmacunun i\u00e7 harc\u0131n\u0131 tam k\u0131vam\u0131nda haz\u0131rlaman\u0131n yolunu \u00f6\u011frenmekle de yetinmek olmaz. \u00c7\u0131t\u0131r \u00e7\u0131t\u0131r, d\u0131\u015far\u0131da yediklerinizden bile lezzetli lahmacunlar haz\u0131rlamak i\u00e7in hamurunu haz\u0131rlarken de \u00f6zen g\u00f6stermek gerek. Evde kendi elleriyle ta\u015f f\u0131r\u0131ndan \u00e7\u0131km\u0131\u015f kadar lezzetli ger\u00e7ek lahmacunlar yapmak isteyenleri \u015fu i\u00e7eri\u011fimize de bekleriz: Kurumadan Pi\u015fsin, Ta\u015f F\u0131r\u0131n Lezzetinde Olsun: Lahmacun Hamuru Nas\u0131l Yap\u0131l\u0131r?\nLahmacun Ka\u00e7 Kalori?\n1 adet evde kolay lahmacun 390 kaloridir.\n\n\n\n<figure class=\"wp-block-image size-full\"><img loading=\"lazy\" decoding=\"async\" width=\"940\" height=\"625\" src=\"https:\/\/www.socialmediafollowers.nl\/wp-content\/uploads\/2022\/12\/44FCD513-DA8D-4C14-8970-3EEB5ED36BE2.jpeg\" alt=\"\" class=\"wp-image-20525\" srcset=\"https:\/\/www.socialmediafollowers.nl\/wp-content\/uploads\/2022\/12\/44FCD513-DA8D-4C14-8970-3EEB5ED36BE2.jpeg 940w, https:\/\/www.socialmediafollowers.nl\/wp-content\/uploads\/2022\/12\/44FCD513-DA8D-4C14-8970-3EEB5ED36BE2-602x400.jpeg 602w, https:\/\/www.socialmediafollowers.nl\/wp-content\/uploads\/2022\/12\/44FCD513-DA8D-4C14-8970-3EEB5ED36BE2-768x511.jpeg 768w, https:\/\/www.socialmediafollowers.nl\/wp-content\/uploads\/2022\/12\/44FCD513-DA8D-4C14-8970-3EEB5ED36BE2-18x12.jpeg 18w, https:\/\/www.socialmediafollowers.nl\/wp-content\/uploads\/2022\/12\/44FCD513-DA8D-4C14-8970-3EEB5ED36BE2-600x399.jpeg 600w\" sizes=\"auto, (max-width: 940px) 100vw, 940px\" \/><\/figure>\n\n\n\n<p><\/p>\n","protected":false},"excerpt":{"rendered":"<p>Lahmacun Tarifi P\u00fcf Noktas\u0131 Lezzetli bir lahmacun i\u00e7in harc\u0131n\u0131z\u0131n k\u0131vam\u0131 c\u0131v\u0131k olmal\u0131d\u0131r ve hamurun \u00fczerine kenarlar\u0131na gelecek \u015fekilde yay\u0131lmal\u0131d\u0131r. F\u0131r\u0131n\u0131n \u00f6nceden \u0131s\u0131t\u0131lm\u0131\u015f olmas\u0131na da \u00f6zen g\u00f6sterin. Nas\u0131l Yap\u0131l\u0131r? Bir mutfak robotunun i\u00e7inde i\u00e7 harc\u0131 i\u00e7in baharatlar, sal\u00e7a s\u0131v\u0131 ya\u011f ve k\u0131yma hari\u00e7 t\u00fcm malzemeleri al\u0131n ve \u00e7ekin. Maydanozlar\u0131 en son ilave edin. lahmacun-hazirlik-1 Rondonun i\u00e7inden [&#8230;]\n","protected":false},"author":1,"featured_media":0,"parent":0,"menu_order":0,"comment_status":"closed","ping_status":"closed","template":"","meta":{"_acf_changed":false,"inline_featured_image":false,"_mi_skip_tracking":false,"_monsterinsights_sitenote_active":false,"_monsterinsights_sitenote_note":"","_monsterinsights_sitenote_category":0,"footnotes":""},"class_list":["post-20524","page","type-page","status-publish","hentry"],"acf":[],"yoast_head":"<!-- This site is optimized with the Yoast SEO Premium plugin v22.3 (Yoast SEO v27.2) - https:\/\/yoast.com\/product\/yoast-seo-premium-wordpress\/ -->\n<title>Evde Keyfi Ba\u015fka G\u00fczel:&nbsp; - SocialMediaFollowers.nl<\/title>\n<meta name=\"robots\" content=\"index, follow, max-snippet:-1, max-image-preview:large, max-video-preview:-1\" \/>\n<link rel=\"canonical\" href=\"https:\/\/www.socialmediafollowers.nl\/fr\/lahmacun\/\" \/>\n<meta property=\"og:locale\" content=\"fr_FR\" \/>\n<meta property=\"og:type\" content=\"article\" \/>\n<meta property=\"og:title\" content=\"Evde Keyfi Ba\u015fka G\u00fczel:&nbsp;\" \/>\n<meta property=\"og:description\" content=\"Lahmacun Tarifi P\u00fcf Noktas\u0131 Lezzetli bir lahmacun i\u00e7in harc\u0131n\u0131z\u0131n k\u0131vam\u0131 c\u0131v\u0131k olmal\u0131d\u0131r ve hamurun \u00fczerine kenarlar\u0131na gelecek \u015fekilde yay\u0131lmal\u0131d\u0131r. F\u0131r\u0131n\u0131n \u00f6nceden \u0131s\u0131t\u0131lm\u0131\u015f olmas\u0131na da \u00f6zen g\u00f6sterin. Nas\u0131l Yap\u0131l\u0131r? Bir mutfak robotunun i\u00e7inde i\u00e7 harc\u0131 i\u00e7in baharatlar, sal\u00e7a s\u0131v\u0131 ya\u011f ve k\u0131yma hari\u00e7 t\u00fcm malzemeleri al\u0131n ve \u00e7ekin. Maydanozlar\u0131 en son ilave edin. lahmacun-hazirlik-1 Rondonun i\u00e7inden [...]\" \/>\n<meta property=\"og:url\" content=\"https:\/\/www.socialmediafollowers.nl\/lahmacun\/\" \/>\n<meta property=\"og:site_name\" content=\"SocialMediaFollowers.nl\" \/>\n<meta property=\"article:modified_time\" content=\"2023-07-10T15:39:28+00:00\" \/>\n<meta property=\"og:image\" content=\"https:\/\/www.socialmediafollowers.nl\/wp-content\/uploads\/2022\/12\/44FCD513-DA8D-4C14-8970-3EEB5ED36BE2.jpeg\" \/>\n<meta name=\"twitter:card\" content=\"summary_large_image\" \/>\n<meta name=\"twitter:label1\" content=\"Dur\u00e9e de lecture estim\u00e9e\" \/>\n\t<meta name=\"twitter:data1\" content=\"4 minutes\" \/>\n<script type=\"application\/ld+json\" class=\"yoast-schema-graph\">{\"@context\":\"https:\/\/schema.org\",\"@graph\":[{\"@type\":\"WebPage\",\"@id\":\"https:\/\/www.socialmediafollowers.nl\/lahmacun\/\",\"url\":\"https:\/\/www.socialmediafollowers.nl\/lahmacun\/\",\"name\":\"Evde Keyfi Ba\u015fka G\u00fczel:&nbsp; - SocialMediaFollowers.nl\",\"isPartOf\":{\"@id\":\"https:\/\/www.socialmediafollowers.nl\/fr\/#website\"},\"primaryImageOfPage\":{\"@id\":\"https:\/\/www.socialmediafollowers.nl\/lahmacun\/#primaryimage\"},\"image\":{\"@id\":\"https:\/\/www.socialmediafollowers.nl\/lahmacun\/#primaryimage\"},\"thumbnailUrl\":\"https:\/\/www.socialmediafollowers.nl\/wp-content\/uploads\/2022\/12\/44FCD513-DA8D-4C14-8970-3EEB5ED36BE2.jpeg\",\"datePublished\":\"2022-12-16T01:58:12+00:00\",\"dateModified\":\"2023-07-10T15:39:28+00:00\",\"breadcrumb\":{\"@id\":\"https:\/\/www.socialmediafollowers.nl\/lahmacun\/#breadcrumb\"},\"inLanguage\":\"fr-FR\",\"potentialAction\":[{\"@type\":\"ReadAction\",\"target\":[\"https:\/\/www.socialmediafollowers.nl\/lahmacun\/\"]}]},{\"@type\":\"ImageObject\",\"inLanguage\":\"fr-FR\",\"@id\":\"https:\/\/www.socialmediafollowers.nl\/lahmacun\/#primaryimage\",\"url\":\"https:\/\/www.socialmediafollowers.nl\/wp-content\/uploads\/2022\/12\/44FCD513-DA8D-4C14-8970-3EEB5ED36BE2.jpeg\",\"contentUrl\":\"https:\/\/www.socialmediafollowers.nl\/wp-content\/uploads\/2022\/12\/44FCD513-DA8D-4C14-8970-3EEB5ED36BE2.jpeg\"},{\"@type\":\"BreadcrumbList\",\"@id\":\"https:\/\/www.socialmediafollowers.nl\/lahmacun\/#breadcrumb\",\"itemListElement\":[{\"@type\":\"ListItem\",\"position\":1,\"name\":\"Home\",\"item\":\"https:\/\/www.socialmediafollowers.nl\/fr\/\"},{\"@type\":\"ListItem\",\"position\":2,\"name\":\"Evde Keyfi Ba\u015fka G\u00fczel:&nbsp;\"}]},{\"@type\":\"WebSite\",\"@id\":\"https:\/\/www.socialmediafollowers.nl\/fr\/#website\",\"url\":\"https:\/\/www.socialmediafollowers.nl\/fr\/\",\"name\":\"SocialMediaFollowers.nl\",\"description\":\"De goedkoopste volgers van Nederland\",\"publisher\":{\"@id\":\"https:\/\/www.socialmediafollowers.nl\/fr\/#organization\"},\"potentialAction\":[{\"@type\":\"SearchAction\",\"target\":{\"@type\":\"EntryPoint\",\"urlTemplate\":\"https:\/\/www.socialmediafollowers.nl\/fr\/?s={search_term_string}\"},\"query-input\":{\"@type\":\"PropertyValueSpecification\",\"valueRequired\":true,\"valueName\":\"search_term_string\"}}],\"inLanguage\":\"fr-FR\"},{\"@type\":\"Organization\",\"@id\":\"https:\/\/www.socialmediafollowers.nl\/fr\/#organization\",\"name\":\"SocialMediaFollowers.nl\",\"url\":\"https:\/\/www.socialmediafollowers.nl\/fr\/\",\"logo\":{\"@type\":\"ImageObject\",\"inLanguage\":\"fr-FR\",\"@id\":\"https:\/\/www.socialmediafollowers.nl\/fr\/#\/schema\/logo\/image\/\",\"url\":\"https:\/\/i0.wp.com\/www.socialmediafollowers.nl\/wp-content\/uploads\/2021\/10\/smf-logo-1.png?fit=793%2C520&ssl=1\",\"contentUrl\":\"https:\/\/i0.wp.com\/www.socialmediafollowers.nl\/wp-content\/uploads\/2021\/10\/smf-logo-1.png?fit=793%2C520&ssl=1\",\"width\":793,\"height\":520,\"caption\":\"SocialMediaFollowers.nl\"},\"image\":{\"@id\":\"https:\/\/www.socialmediafollowers.nl\/fr\/#\/schema\/logo\/image\/\"}}]}<\/script>\n<!-- \/ Yoast SEO Premium plugin. -->","yoast_head_json":{"title":"Evde Keyfi Ba\u015fka G\u00fczel:&nbsp; - SocialMediaFollowers.nl","robots":{"index":"index","follow":"follow","max-snippet":"max-snippet:-1","max-image-preview":"max-image-preview:large","max-video-preview":"max-video-preview:-1"},"canonical":"https:\/\/www.socialmediafollowers.nl\/fr\/lahmacun\/","og_locale":"fr_FR","og_type":"article","og_title":"Evde Keyfi Ba\u015fka G\u00fczel:&nbsp;","og_description":"Lahmacun Tarifi P\u00fcf Noktas\u0131 Lezzetli bir lahmacun i\u00e7in harc\u0131n\u0131z\u0131n k\u0131vam\u0131 c\u0131v\u0131k olmal\u0131d\u0131r ve hamurun \u00fczerine kenarlar\u0131na gelecek \u015fekilde yay\u0131lmal\u0131d\u0131r. F\u0131r\u0131n\u0131n \u00f6nceden \u0131s\u0131t\u0131lm\u0131\u015f olmas\u0131na da \u00f6zen g\u00f6sterin. Nas\u0131l Yap\u0131l\u0131r? Bir mutfak robotunun i\u00e7inde i\u00e7 harc\u0131 i\u00e7in baharatlar, sal\u00e7a s\u0131v\u0131 ya\u011f ve k\u0131yma hari\u00e7 t\u00fcm malzemeleri al\u0131n ve \u00e7ekin. Maydanozlar\u0131 en son ilave edin. lahmacun-hazirlik-1 Rondonun i\u00e7inden [...]","og_url":"https:\/\/www.socialmediafollowers.nl\/lahmacun\/","og_site_name":"SocialMediaFollowers.nl","article_modified_time":"2023-07-10T15:39:28+00:00","og_image":[{"url":"https:\/\/www.socialmediafollowers.nl\/wp-content\/uploads\/2022\/12\/44FCD513-DA8D-4C14-8970-3EEB5ED36BE2.jpeg","type":"","width":"","height":""}],"twitter_card":"summary_large_image","twitter_misc":{"Dur\u00e9e de lecture estim\u00e9e":"4 minutes"},"schema":{"@context":"https:\/\/schema.org","@graph":[{"@type":"WebPage","@id":"https:\/\/www.socialmediafollowers.nl\/lahmacun\/","url":"https:\/\/www.socialmediafollowers.nl\/lahmacun\/","name":"Evde Keyfi Ba\u015fka G\u00fczel:&nbsp; - SocialMediaFollowers.nl","isPartOf":{"@id":"https:\/\/www.socialmediafollowers.nl\/fr\/#website"},"primaryImageOfPage":{"@id":"https:\/\/www.socialmediafollowers.nl\/lahmacun\/#primaryimage"},"image":{"@id":"https:\/\/www.socialmediafollowers.nl\/lahmacun\/#primaryimage"},"thumbnailUrl":"https:\/\/www.socialmediafollowers.nl\/wp-content\/uploads\/2022\/12\/44FCD513-DA8D-4C14-8970-3EEB5ED36BE2.jpeg","datePublished":"2022-12-16T01:58:12+00:00","dateModified":"2023-07-10T15:39:28+00:00","breadcrumb":{"@id":"https:\/\/www.socialmediafollowers.nl\/lahmacun\/#breadcrumb"},"inLanguage":"fr-FR","potentialAction":[{"@type":"ReadAction","target":["https:\/\/www.socialmediafollowers.nl\/lahmacun\/"]}]},{"@type":"ImageObject","inLanguage":"fr-FR","@id":"https:\/\/www.socialmediafollowers.nl\/lahmacun\/#primaryimage","url":"https:\/\/www.socialmediafollowers.nl\/wp-content\/uploads\/2022\/12\/44FCD513-DA8D-4C14-8970-3EEB5ED36BE2.jpeg","contentUrl":"https:\/\/www.socialmediafollowers.nl\/wp-content\/uploads\/2022\/12\/44FCD513-DA8D-4C14-8970-3EEB5ED36BE2.jpeg"},{"@type":"BreadcrumbList","@id":"https:\/\/www.socialmediafollowers.nl\/lahmacun\/#breadcrumb","itemListElement":[{"@type":"ListItem","position":1,"name":"Home","item":"https:\/\/www.socialmediafollowers.nl\/fr\/"},{"@type":"ListItem","position":2,"name":"Evde Keyfi Ba\u015fka G\u00fczel:&nbsp;"}]},{"@type":"WebSite","@id":"https:\/\/www.socialmediafollowers.nl\/fr\/#website","url":"https:\/\/www.socialmediafollowers.nl\/fr\/","name":"SocialMediaFollowers.nl","description":"De goedkoopste volgers van Nederland","publisher":{"@id":"https:\/\/www.socialmediafollowers.nl\/fr\/#organization"},"potentialAction":[{"@type":"SearchAction","target":{"@type":"EntryPoint","urlTemplate":"https:\/\/www.socialmediafollowers.nl\/fr\/?s={search_term_string}"},"query-input":{"@type":"PropertyValueSpecification","valueRequired":true,"valueName":"search_term_string"}}],"inLanguage":"fr-FR"},{"@type":"Organization","@id":"https:\/\/www.socialmediafollowers.nl\/fr\/#organization","name":"SocialMediaFollowers.nl","url":"https:\/\/www.socialmediafollowers.nl\/fr\/","logo":{"@type":"ImageObject","inLanguage":"fr-FR","@id":"https:\/\/www.socialmediafollowers.nl\/fr\/#\/schema\/logo\/image\/","url":"https:\/\/i0.wp.com\/www.socialmediafollowers.nl\/wp-content\/uploads\/2021\/10\/smf-logo-1.png?fit=793%2C520&ssl=1","contentUrl":"https:\/\/i0.wp.com\/www.socialmediafollowers.nl\/wp-content\/uploads\/2021\/10\/smf-logo-1.png?fit=793%2C520&ssl=1","width":793,"height":520,"caption":"SocialMediaFollowers.nl"},"image":{"@id":"https:\/\/www.socialmediafollowers.nl\/fr\/#\/schema\/logo\/image\/"}}]}},"jetpack_sharing_enabled":true,"_links":{"self":[{"href":"https:\/\/www.socialmediafollowers.nl\/fr\/wp-json\/wp\/v2\/pages\/20524","targetHints":{"allow":["GET"]}}],"collection":[{"href":"https:\/\/www.socialmediafollowers.nl\/fr\/wp-json\/wp\/v2\/pages"}],"about":[{"href":"https:\/\/www.socialmediafollowers.nl\/fr\/wp-json\/wp\/v2\/types\/page"}],"author":[{"embeddable":true,"href":"https:\/\/www.socialmediafollowers.nl\/fr\/wp-json\/wp\/v2\/users\/1"}],"replies":[{"embeddable":true,"href":"https:\/\/www.socialmediafollowers.nl\/fr\/wp-json\/wp\/v2\/comments?post=20524"}],"version-history":[{"count":1,"href":"https:\/\/www.socialmediafollowers.nl\/fr\/wp-json\/wp\/v2\/pages\/20524\/revisions"}],"predecessor-version":[{"id":20526,"href":"https:\/\/www.socialmediafollowers.nl\/fr\/wp-json\/wp\/v2\/pages\/20524\/revisions\/20526"}],"wp:attachment":[{"href":"https:\/\/www.socialmediafollowers.nl\/fr\/wp-json\/wp\/v2\/media?parent=20524"}],"curies":[{"name":"wp","href":"https:\/\/api.w.org\/{rel}","templated":true}]}}